
{"id":635,"date":"2021-04-21T07:10:31","date_gmt":"2021-04-21T05:10:31","guid":{"rendered":"https:\/\/www.pan-ol.lublin.pl\/?page_id=635"},"modified":"2025-01-08T09:45:18","modified_gmt":"2025-01-08T08:45:18","slug":"nagroda","status":"publish","type":"page","link":"https:\/\/oldlublin.pan.pl\/pl\/nagroda\/","title":{"rendered":"Nagroda Oddzia\u0142u PAN w Lublinie dla m\u0142odych naukowc\u00f3w"},"content":{"rendered":"<p><!--\n\nLista os\u00f3b, kt\u00f3rych <strong>wnioski zosta\u0142y zakwalifikowane<\/strong> do Konkursu i oczekuj\u0105 na ocen\u0119 Komisji konkursowych:\n\n31.07.2021 REJESTRACJA ZAKO\u0143CZONA\n\nKategoria Nauk\u00a0 humanistycznych i spo\u0142ecznych:\n\n\n<ol>\n \t\n\n<li>Aleksandrowicz Pawe\u0142<\/li>\n\n\n \t\n\n<li>Ja\u0144czyk Urszula<\/li>\n\n\n \t\n\n<li>Kaliszuk Przemys\u0142aw<\/li>\n\n\n \t\n\n<li>Kielak Olga<\/li>\n\n\n \t\n\n<li>Lenart-K\u0142o\u015b Katarzyna<\/li>\n\n\n \t\n\n<li>Mielnik Hubert<\/li>\n\n\n<\/ol>\n\n\nKategoria Nauk\u00a0 biologicznych i rolniczych:\n\n\n<ol>\n \t\n\n<li>Beczek Micha\u0142<\/li>\n\n\n \t\n\n<li>Dudziak Karolina<\/li>\n\n\n \t\n\n<li>Furtak Karolina<\/li>\n\n\n \t\n\n<li>Gondek Micha\u0142<\/li>\n\n\n \t\n\n<li>Juszkiewicz Ma\u0142gorzata<\/li>\n\n\n \t\n\n<li>K\u0119sik-Maliszewska Julia<\/li>\n\n\n \t\n\n<li>\u0141agowski Dominik<\/li>\n\n\n \t\n\n<li>Patyra Ewelina<\/li>\n\n\n \t\n\n<li>Szczerba Hubert<\/li>\n\n\n \t\n\n<li>Ukalska-Jaryga Aleksandra<\/li>\n\n\n \t\n\n<li>Walczak Marek<\/li>\n\n\n<\/ol>\n\n\nKategoria Nauk\u00a0 \u015bcis\u0142ych i o Ziemi:\n\n\n<ol>\n \t\n\n<li>Chrzanowska Agnieszka<\/li>\n\n\n \t\n\n<li>Stachniuk Anna<\/li>\n\n\n<\/ol>\n\n\nKategoria Nauk\u00a0 technicznych:\n\n\n<ol>\n \t\n\n<li>Falkowicz Katarzyna<\/li>\n\n\n \t\n\n<li>Janus Krzysztof<\/li>\n\n\n \t\n\n<li>Kawecki Bartosz<\/li>\n\n\n \t\n\n<li>Malinowski Szymon<\/li>\n\n\n \t\n\n<li>Rzeczkowski Jakub<\/li>\n\n\n \t\n\n<li>Szel\u0105g Maciej<\/li>\n\n\n<\/ol>\n\n\nKategoria Nauk\u00a0 medycznych:\n\n\n<ol>\n \t\n\n<li>Grochowski Cezary<\/li>\n\n\n \t\n\n<li>Kasprzak-Drozd Kamila<\/li>\n\n\n \t\n\n<li>Michalak Agnieszka<\/li>\n\n\n<\/ol>\n\n\n--><\/p>\n","protected":false},"excerpt":{"rendered":"","protected":false},"author":1,"featured_media":0,"parent":0,"menu_order":0,"comment_status":"closed","ping_status":"closed","template":"","meta":[],"_links":{"self":[{"href":"https:\/\/oldlublin.pan.pl\/pl\/wp-json\/wp\/v2\/pages\/635"}],"collection":[{"href":"https:\/\/oldlublin.pan.pl\/pl\/wp-json\/wp\/v2\/pages"}],"about":[{"href":"https:\/\/oldlublin.pan.pl\/pl\/wp-json\/wp\/v2\/types\/page"}],"author":[{"embeddable":true,"href":"https:\/\/oldlublin.pan.pl\/pl\/wp-json\/wp\/v2\/users\/1"}],"replies":[{"embeddable":true,"href":"https:\/\/oldlublin.pan.pl\/pl\/wp-json\/wp\/v2\/comments?post=635"}],"version-history":[{"count":37,"href":"https:\/\/oldlublin.pan.pl\/pl\/wp-json\/wp\/v2\/pages\/635\/revisions"}],"predecessor-version":[{"id":1862,"href":"https:\/\/oldlublin.pan.pl\/pl\/wp-json\/wp\/v2\/pages\/635\/revisions\/1862"}],"wp:attachment":[{"href":"https:\/\/oldlublin.pan.pl\/pl\/wp-json\/wp\/v2\/media?parent=635"}],"curies":[{"name":"wp","href":"https:\/\/api.w.org\/{rel}","templated":true}]}}