
{"id":13,"date":"2020-06-07T16:41:05","date_gmt":"2020-06-07T14:41:05","guid":{"rendered":"http:\/\/www.pan-ol.lublin.pl\/?page_id=13"},"modified":"2026-01-08T14:05:37","modified_gmt":"2026-01-08T13:05:37","slug":"informacje-o-oddziale","status":"publish","type":"page","link":"https:\/\/oldlublin.pan.pl\/pl\/","title":{"rendered":"Informacje o Oddziale"},"content":{"rendered":"\r\n<p>&nbsp;<\/p>\r\n<p>&nbsp;<\/p>\r\n<p>Oddzia\u0142 PAN w Lublinie utworzono na mocy Uchwa\u0142y nr 1\/97 Zgromadzenia Og\u00f3lnego Polskiej Akademii Nauk z dnia 23 maja 1997 roku. Zgodnie z tre\u015bci\u0105 Uchwa\u0142y, Oddzia\u0142 lubelski PAN rozpocz\u0105\u0142 dzia\u0142alno\u015b\u0107 1 stycznia 1998 roku.<\/p>\r\n<p>Oddzia\u0142 PAN w Lublinie dzia\u0142a na podstawie <a href=\"http:\/\/www.pan-ol.lublin.pl\/wp-content\/uploads\/2020\/07\/statut_pan_ol.pdf\" target=\"_blank\" rel=\"noopener noreferrer\">Statutu Oddzia\u0142u Polskiej Akademii Nauk w Lublinie<\/a> uchwalonego dnia 22 marca 2011 roku przez Prezydium Polskiej Akademii Nauk.<\/p>\r\n<p>Zgodnie ze Statutem Oddzia\u0142 Lubelski wykonuje nast\u0119puj\u0105ce zadania:<\/p>\r\n\r\n\r\n\r\n\r\n\r\n<ul>\r\n<li>Integracja \u017cycia naukowego i wsp\u00f3\u0142praca ze wszystkimi instytucjami naukowymi regionu.<\/li>\r\n<li>Popieranie prac naukowych i prac rozwojowych o istotnym znaczeniu dla gospodarki i kultury narodowej ze szczeg\u00f3lnym uwzgl\u0119dnieniem zagadnie\u0144 wa\u017cnych dla terenu swojego dzia\u0142ania oraz uczestniczenie w upowszechnianiu i promocji ich wynik\u00f3w.<\/li>\r\n<li>Popularyzacja na terenie dzia\u0142alno\u015bci Oddzia\u0142u roli jak\u0105 pe\u0142ni Akademia w skali krajowej i mi\u0119dzynarodowej.<\/li>\r\n<li>Pozyskiwanie \u015brodk\u00f3w europejskich i innych \u015brodk\u00f3w pochodz\u0105cych ze \u017ar\u00f3de\u0142 zagranicznych na rzecz realizacji bada\u0144 naukowych i prac rozwojowych.<\/li>\r\n<li>Wsp\u00f3\u0142dzia\u0142anie z organami samorz\u0105du terytorialnego i organami administracji rz\u0105dowej w wojew\u00f3dztwie.<\/li>\r\n<li>Inicjowanie i prowadzenie mi\u0119dzynarodowej wsp\u00f3\u0142pracy naukowej z pa\u0144stwami cz\u0142onkowskimi Unii Europejskiej i innymi krajami.<\/li>\r\n<\/ul>\r\n<p>Teren dzia\u0142ania Oddzia\u0142u obejmuje wojew\u00f3dztwo lubelskie.<\/p>\r\n<p>Lubelski Oddzia\u0142 Polskiej Akademii Nauk jest jedynym po\u0142o\u017conym na prawym brzegu Wis\u0142y. Z tego te\u017c wzgl\u0119du za szczeg\u00f3lnie istotne uznaje wsp\u00f3\u0142prac\u0119 z przygranicznymi o\u015brodkami naukowymi. M.in. zawarto umow\u0119 o wsp\u00f3\u0142pracy naukowej z Zachodnim Centrum Narodowej Akademii Nauk Ukrainy we Lwowie. Oddzia\u0142 lubelski PAN zmierza do nawi\u0105zania szerszych kontakt\u00f3w ze \u015brodowiskami naukowymi Bia\u0142orusi i Litwy.<\/p>\r\n<p>Obecnie Oddzia\u0142 liczy\u00a0<a href=\"http:\/\/www.pan-ol.lublin.pl\/pl\/czlonkowie-oddzialu\/\">9 cz\u0142onk\u00f3w<\/a>.<\/p>\r\n\r\n\r\n\r\n<p>Prezydium stanowi\u0105:<\/p>\r\n\r\n\r\n\r\n<ul>\r\n<li>Prezes: prof. dr. hab. Cezary S\u0142awi\u0144ski, cz\u0142. korsp. PAN\r\n\r\n<\/li>\r\n<li>Wiceprezes: prof. dr hab. n. med. Tomasz Trojanowski, cz\u0142. rzecz. PAN<\/li>\r\n<li>Wiceprezes: prof. dr hab.\u00a0 Artur Zdunek, cz\u0142. koresp. PAN<\/li>\r\n<\/ul>\r\n\r\n\r\n\r\n<p>Cz\u0142onkowie Prezydium:<\/p>\r\n\r\n\r\n\r\n<ul>\r\n<li>prof. dr hab. n. med. Stanis\u0142aw J. Czuczwar, cz\u0142. rzecz. PAN\r\n\r\n<\/li>\r\n<li>prof. dr hab. Wies\u0142aw Oleszek, cz\u0142. koresp. PAN<\/li>\r\n<\/ul>\r\n\r\n\r\n\r\n<p>Przy Oddziale PAN w Lublinie dzia\u0142a 19 <a href=\"http:\/\/www.pan-ol.lublin.pl\/pl\/komisje-naukowe\/\">Komisji Naukowych<\/a>, skupiaj\u0105cych ponad 800 cz\u0142onk\u00f3w.<\/p>\r\n\r\n\r\n\r\n<p>Oddzia\u0142 PAN w Lublinie prowadzi w\u0142asne wydawnictwa.\u00a0<\/p>\r\n","protected":false},"excerpt":{"rendered":"<p>&nbsp; &nbsp; Oddzia\u0142 PAN w Lublinie utworzono na mocy Uchwa\u0142y nr 1\/97 Zgromadzenia Og\u00f3lnego Polskiej Akademii Nauk z dnia 23 maja 1997 roku. Zgodnie z tre\u015bci\u0105 Uchwa\u0142y, Oddzia\u0142 lubelski PAN rozpocz\u0105\u0142 dzia\u0142alno\u015b\u0107 1 stycznia 1998 roku. Oddzia\u0142 PAN w Lublinie dzia\u0142a na podstawie Statutu Oddzia\u0142u Polskiej Akademii Nauk w Lublinie uchwalonego dnia 22 marca 2011 [&hellip;]<\/p>\n","protected":false},"author":1,"featured_media":0,"parent":0,"menu_order":0,"comment_status":"closed","ping_status":"closed","template":"","meta":[],"_links":{"self":[{"href":"https:\/\/oldlublin.pan.pl\/pl\/wp-json\/wp\/v2\/pages\/13"}],"collection":[{"href":"https:\/\/oldlublin.pan.pl\/pl\/wp-json\/wp\/v2\/pages"}],"about":[{"href":"https:\/\/oldlublin.pan.pl\/pl\/wp-json\/wp\/v2\/types\/page"}],"author":[{"embeddable":true,"href":"https:\/\/oldlublin.pan.pl\/pl\/wp-json\/wp\/v2\/users\/1"}],"replies":[{"embeddable":true,"href":"https:\/\/oldlublin.pan.pl\/pl\/wp-json\/wp\/v2\/comments?post=13"}],"version-history":[{"count":42,"href":"https:\/\/oldlublin.pan.pl\/pl\/wp-json\/wp\/v2\/pages\/13\/revisions"}],"predecessor-version":[{"id":2314,"href":"https:\/\/oldlublin.pan.pl\/pl\/wp-json\/wp\/v2\/pages\/13\/revisions\/2314"}],"wp:attachment":[{"href":"https:\/\/oldlublin.pan.pl\/pl\/wp-json\/wp\/v2\/media?parent=13"}],"curies":[{"name":"wp","href":"https:\/\/api.w.org\/{rel}","templated":true}]}}